{"id":26868,"date":"2024-01-23T11:01:52","date_gmt":"2024-01-23T08:01:52","guid":{"rendered":"https:\/\/adokapi.com.tr\/our-policies\/"},"modified":"2025-03-25T12:41:04","modified_gmt":"2025-03-25T09:41:04","slug":"our-policies","status":"publish","type":"page","link":"https:\/\/www.adokapi.com.tr\/en\/our-policies","title":{"rendered":"Our Policies"},"content":{"rendered":"\t\t<div data-elementor-type=\"wp-page\" data-elementor-id=\"26868\" class=\"elementor elementor-26868 elementor-25996\" data-elementor-post-type=\"page\">\n\t\t\t\t\t\t\t\t\t<section class=\"elementor-section elementor-top-section elementor-element elementor-element-26ca413 elementor-section-boxed elementor-section-height-default elementor-section-height-default sc_fly_static\" data-id=\"26ca413\" data-element_type=\"section\">\n\t\t\t\t\t\t<div class=\"elementor-container elementor-column-gap-extended\">\n\t\t\t\t\t<div class=\"elementor-column elementor-col-100 elementor-top-column elementor-element elementor-element-9e32593 sc_inner_width_none sc_content_align_inherit sc_layouts_column_icons_position_left sc_fly_static\" data-id=\"9e32593\" data-element_type=\"column\">\n\t\t\t<div class=\"elementor-widget-wrap elementor-element-populated\">\n\t\t\t\t\t\t\t\t<div class=\"elementor-element elementor-element-0b34b4a sc_fly_static elementor-widget elementor-widget-text-editor\" data-id=\"0b34b4a\" data-element_type=\"widget\" data-widget_type=\"text-editor.default\">\n\t\t\t\t<div class=\"elementor-widget-container\">\n\t\t\t\t\t\t\t<h2 style=\"text-align: center; color: #02164e;\">Our Quality Policy<\/h2><p><span class=\"s4\">ADOPEN Plastik ve \u0130n\u015faat San. A.\u015e., which produces PVC window and door profiles, wood composite door, composite, polymer construction mold, decorative interior and exterior wall cladding, polymer roof and wall panel, deep well drilli<\/span><span class=\"s4\">ng pipe and auxiliary m<\/span><span class=\"s4\">aterials, elastic flooring, has a policy for the adoption of quality management system. A.\u015e., a policy has been determined and put into effect in order to adopt the quality management system.<\/span><\/p><p><span class=\"s4\">The principles of this policy are;<\/span><\/p><div class=\"s6\"><span class=\"s5\">\u2022 <\/span><span class=\"s4\">Wit<\/span><span class=\"s4\">h<\/span><span class=\"s4\"> the joint participatio<\/span><span class=\"s4\">n of our employees,<\/span><\/div><div class=\"s6\"><span class=\"s5\">\u2022 <\/span><span class=\"s4\">In cooperation with our customers,<\/span><\/div><div class=\"s6\"><span class=\"s5\">\u2022 <\/span><span class=\"s4\">By using our resources efficiently,<\/span><\/div><div class=\"s6\"><span class=\"s5\">\u2022 <\/span><span class=\"s4\">By producing in accordance with the minimum national and international standard conditions, without compromising our product and servic<\/span><span class=\"s4\">e quality,<\/span><\/div><div class=\"s6\"><span class=\"s5\">\u2022 <\/span><span class=\"s4\">Determines <\/span><span class=\"s4\">our targets in accordance with our conditions and conditions, announces them and identifies the areas open to development, within the understanding of continuous improvement and development,<\/span><\/div><div class=\"s6\"><span class=\"s4\">To ensure customer satisfaction at the highest level.<\/span><\/div><h2 style=\"text-align: center; color: #02164e;\">Our Environmental Policy<\/h2><p><br \/><span class=\"s5\">ADOPEN Plastik ve \u0130n\u015faat San. A.\u015e., which manufactures PVC door and window profiles, wood composite door, composite profile, polymer construction mold, polymer roof and wall panel, decorative interior and exterior wall claddin<\/span><span class=\"s5\">g, deep well drilling pipe, el<\/span><span class=\"s5\">astic floor covering. A.\u015e., as a company aware of its environmental responsibilities, has determined and implemented methods to determine the environmental dimensions and impacts of its activities and to prevent the emergence <\/span><span class=\"s5\">of these dimensions in all sta<\/span><span class=\"s5\">ges and support processes from the realization of the product to the completion of the shipment. ADOPEN Plastik ve \u0130n\u015faat San. A.\u015e. will show sensitivity in carrying out all its activities without causing environmental polluti<\/span><span class=\"s5\">on. For this purpose<\/span><\/p>\t\t\t\t\t\t<\/div>\n\t\t\t\t<\/div>\n\t\t\t\t<div class=\"elementor-element elementor-element-79b9a5d elementor-align-left elementor-mobile-align-left elementor-icon-list--layout-traditional elementor-list-item-link-full_width sc_fly_static elementor-widget elementor-widget-icon-list\" data-id=\"79b9a5d\" data-element_type=\"widget\" data-widget_type=\"icon-list.default\">\n\t\t\t\t<div class=\"elementor-widget-container\">\n\t\t\t\t\t<ul class=\"elementor-icon-list-items\">\n\t\t\t\t\t\t\t<li class=\"elementor-icon-list-item\">\n\t\t\t\t\t\t\t\t\t\t\t<span class=\"elementor-icon-list-icon\">\n\t\t\t\t\t\t\t<i aria-hidden=\"true\" class=\"far fa-check-circle\"><\/i>\t\t\t\t\t\t<\/span>\n\t\t\t\t\t\t\t\t\t\t<span class=\"elementor-icon-list-text\">To comply with all legislation and administrative regulations related to the environment,<\/span>\n\t\t\t\t\t\t\t\t\t<\/li>\n\t\t\t\t\t\t\t\t<li class=\"elementor-icon-list-item\">\n\t\t\t\t\t\t\t\t\t\t\t<span class=\"elementor-icon-list-icon\">\n\t\t\t\t\t\t\t<i aria-hidden=\"true\" class=\"far fa-check-circle\"><\/i>\t\t\t\t\t\t<\/span>\n\t\t\t\t\t\t\t\t\t\t<span class=\"elementor-icon-list-text\">To allocate the necessary resources to establish, effectively implement and ensure the continuity of the ISO 14001 Environmental Management System,<\/span>\n\t\t\t\t\t\t\t\t\t<\/li>\n\t\t\t\t\t\t\t\t<li class=\"elementor-icon-list-item\">\n\t\t\t\t\t\t\t\t\t\t\t<span class=\"elementor-icon-list-icon\">\n\t\t\t\t\t\t\t<i aria-hidden=\"true\" class=\"far fa-check-circle\"><\/i>\t\t\t\t\t\t<\/span>\n\t\t\t\t\t\t\t\t\t\t<span class=\"elementor-icon-list-text\">To use energy and natural resources at an optimum level,<\/span>\n\t\t\t\t\t\t\t\t\t<\/li>\n\t\t\t\t\t\t\t\t<li class=\"elementor-icon-list-item\">\n\t\t\t\t\t\t\t\t\t\t\t<span class=\"elementor-icon-list-icon\">\n\t\t\t\t\t\t\t<i aria-hidden=\"true\" class=\"far fa-check-circle\"><\/i>\t\t\t\t\t\t<\/span>\n\t\t\t\t\t\t\t\t\t\t<span class=\"elementor-icon-list-text\">To comply with environmental criteria in the raw materials and auxiliary materials used, and to ensure that these materials are used in air, water and other pollutants, - To prevent pollution, reduce waste and ensure maximum recycling by separating it at its source,<\/span>\n\t\t\t\t\t\t\t\t\t<\/li>\n\t\t\t\t\t\t\t\t<li class=\"elementor-icon-list-item\">\n\t\t\t\t\t\t\t\t\t\t\t<span class=\"elementor-icon-list-icon\">\n\t\t\t\t\t\t\t<i aria-hidden=\"true\" class=\"far fa-check-circle\"><\/i>\t\t\t\t\t\t<\/span>\n\t\t\t\t\t\t\t\t\t\t<span class=\"elementor-icon-list-text\">To contribute to climate change, biodiversity and ecosystem by aiming to reduce the carbon footprint value every year,<\/span>\n\t\t\t\t\t\t\t\t\t<\/li>\n\t\t\t\t\t\t\t\t<li class=\"elementor-icon-list-item\">\n\t\t\t\t\t\t\t\t\t\t\t<span class=\"elementor-icon-list-icon\">\n\t\t\t\t\t\t\t<i aria-hidden=\"true\" class=\"far fa-check-circle\"><\/i>\t\t\t\t\t\t<\/span>\n\t\t\t\t\t\t\t\t\t\t<span class=\"elementor-icon-list-text\">Aiming to reduce its carbon footprint every year and contributing to climate change, biodiversity and ecosystem,<\/span>\n\t\t\t\t\t\t\t\t\t<\/li>\n\t\t\t\t\t\t\t\t<li class=\"elementor-icon-list-item\">\n\t\t\t\t\t\t\t\t\t\t\t<span class=\"elementor-icon-list-icon\">\n\t\t\t\t\t\t\t<i aria-hidden=\"true\" class=\"far fa-check-circle\"><\/i>\t\t\t\t\t\t<\/span>\n\t\t\t\t\t\t\t\t\t\t<span class=\"elementor-icon-list-text\">Raising awareness, informing and motivating its employees through environmental training,<\/span>\n\t\t\t\t\t\t\t\t\t<\/li>\n\t\t\t\t\t\t\t\t<li class=\"elementor-icon-list-item\">\n\t\t\t\t\t\t\t\t\t\t\t<span class=\"elementor-icon-list-icon\">\n\t\t\t\t\t\t\t<i aria-hidden=\"true\" class=\"far fa-check-circle\"><\/i>\t\t\t\t\t\t<\/span>\n\t\t\t\t\t\t\t\t\t\t<span class=\"elementor-icon-list-text\">Sharing its activities with its employees, keeping them open to the public and taking into account the expectations of all stakeholders,<\/span>\n\t\t\t\t\t\t\t\t\t<\/li>\n\t\t\t\t\t\t\t\t<li class=\"elementor-icon-list-item\">\n\t\t\t\t\t\t\t\t\t\t\t<span class=\"elementor-icon-list-icon\">\n\t\t\t\t\t\t\t<i aria-hidden=\"true\" class=\"far fa-check-circle\"><\/i>\t\t\t\t\t\t<\/span>\n\t\t\t\t\t\t\t\t\t\t<span class=\"elementor-icon-list-text\">Considering the environmental factor in new investments and projects,<\/span>\n\t\t\t\t\t\t\t\t\t<\/li>\n\t\t\t\t\t\t\t\t<li class=\"elementor-icon-list-item\">\n\t\t\t\t\t\t\t\t\t\t\t<span class=\"elementor-icon-list-icon\">\n\t\t\t\t\t\t\t<i aria-hidden=\"true\" class=\"far fa-check-circle\"><\/i>\t\t\t\t\t\t<\/span>\n\t\t\t\t\t\t\t\t\t\t<span class=\"elementor-icon-list-text\">Continuously improving environmental performance.<\/span>\n\t\t\t\t\t\t\t\t\t<\/li>\n\t\t\t\t\t\t<\/ul>\n\t\t\t\t<\/div>\n\t\t\t\t<\/div>\n\t\t\t\t<div class=\"elementor-element elementor-element-fe22311 sc_fly_static elementor-widget elementor-widget-text-editor\" data-id=\"fe22311\" data-element_type=\"widget\" data-widget_type=\"text-editor.default\">\n\t\t\t\t<div class=\"elementor-widget-container\">\n\t\t\t\t\t\t\t<br>We set new targets every year for a clean environment and a healthy future. While our prime target is to generate as little waste as possible, we classify the waste produced during manufacturing, try to recycle and dispose those which cannot be recycled in a way that is no harm to the environment and in accordance with the law.\n\nIn order to reduce our usage of natural resources and production of waste to the lowest level possible, we try to develop new methods, aim to prevent environmental pollution with environmentally friendly projects and maintain the sustainability of the systems built within the frame of environmental protection polic\t\t\t\t\t\t<\/div>\n\t\t\t\t<\/div>\n\t\t\t\t<div class=\"elementor-element elementor-element-bfba067 sc_fly_static elementor-widget elementor-widget-heading\" data-id=\"bfba067\" data-element_type=\"widget\" data-widget_type=\"heading.default\">\n\t\t\t\t<div class=\"elementor-widget-container\">\n\t\t\t<h2 class=\"elementor-heading-title elementor-size-default\">Our Information Security Policy<\/h2>\t\t<\/div>\n\t\t\t\t<\/div>\n\t\t\t\t<div class=\"elementor-element elementor-element-5916238 sc_fly_static elementor-widget elementor-widget-text-editor\" data-id=\"5916238\" data-element_type=\"widget\" data-widget_type=\"text-editor.default\">\n\t\t\t\t<div class=\"elementor-widget-container\">\n\t\t\t\t\t\t\t<p class=\"s2\"><span class=\"s4\">Our<\/span> <span class=\"s4\">company<\/span><span class=\"s4\"> ADOPEN Plastik ve \u0130n\u015faat San. A.\u015e. <\/span><span class=\"s4\">recognizes<\/span> <span class=\"s4\">information<\/span><span class=\"s4\"> as <\/span><span class=\"s4\">one<\/span><span class=\"s4\"> of <\/span><span class=\"s4\">its<\/span><span class=\"s4\">most<\/span> <span class=\"s4\">valuable<\/span> <span class=\"s4\">assets<\/span><span class=\"s4\">.<\/span><\/p><p class=\"s2\"><span class=\"s4\">It<\/span><span class=\"s4\"> is <\/span><span class=\"s4\">aware<\/span> <span class=\"s4\">that<\/span> <span class=\"s4\">information<\/span> <span class=\"s4\">security<\/span><span class=\"s4\"> is <\/span><span class=\"s4\">the<\/span> <span class=\"s4\">responsibility<\/span><span class=\"s4\"> of <\/span><span class=\"s4\">all<\/span> <span class=\"s4\">its<\/span> <span class=\"s4\">employees<\/span> <span class=\"s4\">and<\/span> <span class=\"s4\">that<\/span> <span class=\"s4\">both<\/span><span class=\"s4\">the<\/span> <span class=\"s4\">company<\/span> <span class=\"s4\">and<\/span> <span class=\"s4\">its<\/span> <span class=\"s4\">stakeholders<\/span> <span class=\"s4\">may<\/span> <span class=\"s4\">suffer<\/span> <span class=\"s4\">significant<\/span> <span class=\"s4\">damages<\/span><span class=\"s4\"> in <\/span><span class=\"s4\">case<\/span><span class=\"s4\"> of <\/span><span class=\"s4\">voluntary<\/span> <span class=\"s4\">or<\/span><span class=\"s4\">involuntary<\/span> <span class=\"s4\">loss<\/span> <span class=\"s4\">or<\/span> <span class=\"s4\">improper<\/span> <span class=\"s4\">use<\/span><span class=\"s4\"> of <\/span><span class=\"s4\">information<\/span><span class=\"s4\">.<\/span><\/p><p class=\"s2\"><span class=\"s4\">In<\/span> <span class=\"s4\">this<\/span> <span class=\"s4\">context<\/span><span class=\"s4\">, <\/span><span class=\"s4\">our<\/span> <span class=\"s4\">company<\/span><span class=\"s4\">;<\/span><\/p>\t\t\t\t\t\t<\/div>\n\t\t\t\t<\/div>\n\t\t\t\t<div class=\"elementor-element elementor-element-d4be5b9 elementor-align-left elementor-icon-list--layout-traditional elementor-list-item-link-full_width sc_fly_static elementor-widget elementor-widget-icon-list\" data-id=\"d4be5b9\" data-element_type=\"widget\" data-widget_type=\"icon-list.default\">\n\t\t\t\t<div class=\"elementor-widget-container\">\n\t\t\t\t\t<ul class=\"elementor-icon-list-items\">\n\t\t\t\t\t\t\t<li class=\"elementor-icon-list-item\">\n\t\t\t\t\t\t\t\t\t\t\t<span class=\"elementor-icon-list-icon\">\n\t\t\t\t\t\t\t<i aria-hidden=\"true\" class=\"far fa-check-circle\"><\/i>\t\t\t\t\t\t<\/span>\n\t\t\t\t\t\t\t\t\t\t<span class=\"elementor-icon-list-text\">To establish, implement, review and continuously improve an information security management system based on ISO\/IEC 27001 Information Security Management System Standard in order to ensure the confidentiality, integrity and accessibility of information assets,<\/span>\n\t\t\t\t\t\t\t\t\t<\/li>\n\t\t\t\t\t\t\t\t<li class=\"elementor-icon-list-item\">\n\t\t\t\t\t\t\t\t\t\t\t<span class=\"elementor-icon-list-icon\">\n\t\t\t\t\t\t\t<i aria-hidden=\"true\" class=\"far fa-check-circle\"><\/i>\t\t\t\t\t\t<\/span>\n\t\t\t\t\t\t\t\t\t\t<span class=\"elementor-icon-list-text\">To determine the authorities, roles and responsibilities for the establishment and execution of the Information Security Management System; to periodically review these authorities, roles and responsibilities,<\/span>\n\t\t\t\t\t\t\t\t\t<\/li>\n\t\t\t\t\t\t\t\t<li class=\"elementor-icon-list-item\">\n\t\t\t\t\t\t\t\t\t\t\t<span class=\"elementor-icon-list-icon\">\n\t\t\t\t\t\t\t<i aria-hidden=\"true\" class=\"far fa-check-circle\"><\/i>\t\t\t\t\t\t<\/span>\n\t\t\t\t\t\t\t\t\t\t<span class=\"elementor-icon-list-text\">Complying with all legal regulations and contracts related to information security,<\/span>\n\t\t\t\t\t\t\t\t\t<\/li>\n\t\t\t\t\t\t\t\t<li class=\"elementor-icon-list-item\">\n\t\t\t\t\t\t\t\t\t\t\t<span class=\"elementor-icon-list-icon\">\n\t\t\t\t\t\t\t<i aria-hidden=\"true\" class=\"far fa-check-circle\"><\/i>\t\t\t\t\t\t<\/span>\n\t\t\t\t\t\t\t\t\t\t<span class=\"elementor-icon-list-text\">Identifying risks at certain time intervals and managing risks by taking necessary actions in order to protect information and information assets,<\/span>\n\t\t\t\t\t\t\t\t\t<\/li>\n\t\t\t\t\t\t\t\t<li class=\"elementor-icon-list-item\">\n\t\t\t\t\t\t\t\t\t\t\t<span class=\"elementor-icon-list-icon\">\n\t\t\t\t\t\t\t<i aria-hidden=\"true\" class=\"far fa-check-circle\"><\/i>\t\t\t\t\t\t<\/span>\n\t\t\t\t\t\t\t\t\t\t<span class=\"elementor-icon-list-text\">Preparing and testing business continuity plans to ensure that its activities and responsibilities to its stakeholders are not interrupted in the event of any adverse event,<\/span>\n\t\t\t\t\t\t\t\t\t<\/li>\n\t\t\t\t\t\t\t\t<li class=\"elementor-icon-list-item\">\n\t\t\t\t\t\t\t\t\t\t\t<span class=\"elementor-icon-list-icon\">\n\t\t\t\t\t\t\t<i aria-hidden=\"true\" class=\"far fa-check-circle\"><\/i>\t\t\t\t\t\t<\/span>\n\t\t\t\t\t\t\t\t\t\t<span class=\"elementor-icon-list-text\">Managing information security gaps and breach incidents and ensuring that they are not repeated,<\/span>\n\t\t\t\t\t\t\t\t\t<\/li>\n\t\t\t\t\t\t\t\t<li class=\"elementor-icon-list-item\">\n\t\t\t\t\t\t\t\t\t\t\t<span class=\"elementor-icon-list-icon\">\n\t\t\t\t\t\t\t<i aria-hidden=\"true\" class=\"far fa-check-circle\"><\/i>\t\t\t\t\t\t<\/span>\n\t\t\t\t\t\t\t\t\t\t<span class=\"elementor-icon-list-text\">With the awareness that the most important element in ensuring information security is human, it is obliged to organize trainings that will increase the awareness of its employees and other critical stakeholders on information security and to follow up the results.<\/span>\n\t\t\t\t\t\t\t\t\t<\/li>\n\t\t\t\t\t\t<\/ul>\n\t\t\t\t<\/div>\n\t\t\t\t<\/div>\n\t\t\t\t<div class=\"elementor-element elementor-element-3e4a310 sc_fly_static elementor-widget elementor-widget-text-editor\" data-id=\"3e4a310\" data-element_type=\"widget\" data-widget_type=\"text-editor.default\">\n\t\t\t\t<div class=\"elementor-widget-container\">\n\t\t\t\t\t\t\t<p class=\"s2\"><span class=\"s4\">ADOPEN PLAST\u0130K VE \u0130N\u015e. SAN. A.\u015e. is <\/span><span class=\"s4\">committed<\/span> <span class=\"s4\">to<\/span> <span class=\"s4\">establishing<\/span><span class=\"s4\">, <\/span><span class=\"s4\">implementing<\/span><span class=\"s4\">, <\/span><span class=\"s4\">reviewing<\/span> <span class=\"s4\">and<\/span> <span class=\"s4\">continuously<\/span> <span class=\"s4\">improving<\/span><span class=\"s4\"> TS EN ISO 27001 Information Security Management <\/span><span class=\"s4\">System<\/span><span class=\"s4\">, <\/span><span class=\"s4\">providing<\/span> <span class=\"s4\">the<\/span> <span class=\"s4\">necessary<\/span> <span class=\"s4\">resources<\/span> <span class=\"s4\">to<\/span> <span class=\"s4\">achieve<\/span> <span class=\"s4\">the<\/span> <span class=\"s4\">goals<\/span> <span class=\"s4\">and<\/span><span class=\"s4\">objectives<\/span><span class=\"s4\"> of <\/span><span class=\"s4\">the<\/span> <span class=\"s4\">information<\/span> <span class=\"s4\">security<\/span> <span class=\"s4\">management<\/span> <span class=\"s4\">system<\/span><span class=\"s4\">, <\/span><span class=\"s4\">and<\/span> <span class=\"s4\">complying<\/span> <span class=\"s4\">with<\/span><span class=\"s4\"> legal <\/span><span class=\"s4\">and<\/span><span class=\"s4\">other<\/span> <span class=\"s4\">requirements<\/span><span class=\"s4\">.<\/span><\/p>\t\t\t\t\t\t<\/div>\n\t\t\t\t<\/div>\n\t\t\t\t<div class=\"elementor-element elementor-element-005f7a1 sc_fly_static elementor-widget elementor-widget-heading\" data-id=\"005f7a1\" data-element_type=\"widget\" data-widget_type=\"heading.default\">\n\t\t\t\t<div class=\"elementor-widget-container\">\n\t\t\t<h2 class=\"elementor-heading-title elementor-size-default\">Our Human Resurces Policy<\/h2>\t\t<\/div>\n\t\t\t\t<\/div>\n\t\t\t\t<div class=\"elementor-element elementor-element-81b0bd8 sc_fly_static elementor-widget elementor-widget-text-editor\" data-id=\"81b0bd8\" data-element_type=\"widget\" data-widget_type=\"text-editor.default\">\n\t\t\t\t<div class=\"elementor-widget-container\">\n\t\t\t\t\t\t\t<br>\u201cTo create difference with competence, motivation and staff with high performance.\u201d\n\nThis is the basic target we would like to reach! The Human Resources policies adopted at Adokap\u0131 serve two important goals;\n\nTo motivate individuals to take responsibility, use initiative and therefore, protect their work and the results of their work\n\nTo ensure our staff to be more successful in work targets by improving the individual and encouraging group action at the same time.\n\nThis way we believe we are able to focus better on targets and human resources and highlight the role of individual value in work success.\n\nOur Human Resources Practices;\n\nWith our organizational structure, we assign our employees to positions where they can use their potential effectively and create value for Adokap\u0131 to reach its main targets.\t\t\t\t\t\t<\/div>\n\t\t\t\t<\/div>\n\t\t\t\t<div class=\"elementor-element elementor-element-8d5b3d6 elementor-align-left elementor-icon-list--layout-traditional elementor-list-item-link-full_width sc_fly_static elementor-widget elementor-widget-icon-list\" data-id=\"8d5b3d6\" data-element_type=\"widget\" data-widget_type=\"icon-list.default\">\n\t\t\t\t<div class=\"elementor-widget-container\">\n\t\t\t\t\t<ul class=\"elementor-icon-list-items\">\n\t\t\t\t\t\t\t<li class=\"elementor-icon-list-item\">\n\t\t\t\t\t\t\t\t\t\t\t<span class=\"elementor-icon-list-icon\">\n\t\t\t\t\t\t\t<i aria-hidden=\"true\" class=\"far fa-check-circle\"><\/i>\t\t\t\t\t\t<\/span>\n\t\t\t\t\t\t\t\t\t\t<span class=\"elementor-icon-list-text\">We carry out our Human Resources processes via professional systems.<\/span>\n\t\t\t\t\t\t\t\t\t<\/li>\n\t\t\t\t\t\t\t\t<li class=\"elementor-icon-list-item\">\n\t\t\t\t\t\t\t\t\t\t\t<span class=\"elementor-icon-list-icon\">\n\t\t\t\t\t\t\t<i aria-hidden=\"true\" class=\"far fa-check-circle\"><\/i>\t\t\t\t\t\t<\/span>\n\t\t\t\t\t\t\t\t\t\t<span class=\"elementor-icon-list-text\">We carry out an objective and fair evaluation by taking the qualities required by the position, personal skills and individual performances.<\/span>\n\t\t\t\t\t\t\t\t\t<\/li>\n\t\t\t\t\t\t\t\t<li class=\"elementor-icon-list-item\">\n\t\t\t\t\t\t\t\t\t\t\t<span class=\"elementor-icon-list-icon\">\n\t\t\t\t\t\t\t<i aria-hidden=\"true\" class=\"far fa-check-circle\"><\/i>\t\t\t\t\t\t<\/span>\n\t\t\t\t\t\t\t\t\t\t<span class=\"elementor-icon-list-text\">We provide a safe and healthy work environment by ensuring our employees to be informed about the targets of the division they work for and the expectations of our brand from themselves.<\/span>\n\t\t\t\t\t\t\t\t\t<\/li>\n\t\t\t\t\t\t\t\t<li class=\"elementor-icon-list-item\">\n\t\t\t\t\t\t\t\t\t\t\t<span class=\"elementor-icon-list-icon\">\n\t\t\t\t\t\t\t<i aria-hidden=\"true\" class=\"far fa-check-circle\"><\/i>\t\t\t\t\t\t<\/span>\n\t\t\t\t\t\t\t\t\t\t<span class=\"elementor-icon-list-text\">We provide the necessary training and development opportunities in order for our employees to improve themselves in the most effective way and perform better.<\/span>\n\t\t\t\t\t\t\t\t\t<\/li>\n\t\t\t\t\t\t\t\t<li class=\"elementor-icon-list-item\">\n\t\t\t\t\t\t\t\t\t\t\t<span class=\"elementor-icon-list-icon\">\n\t\t\t\t\t\t\t<i aria-hidden=\"true\" class=\"far fa-check-circle\"><\/i>\t\t\t\t\t\t<\/span>\n\t\t\t\t\t\t\t\t\t\t<span class=\"elementor-icon-list-text\">We base our objective and fair salary system on the value created by all Adokap\u0131 employees who remain loyal to Adokap\u0131 values and work principles.<\/span>\n\t\t\t\t\t\t\t\t\t<\/li>\n\t\t\t\t\t\t<\/ul>\n\t\t\t\t<\/div>\n\t\t\t\t<\/div>\n\t\t\t\t<div class=\"elementor-element elementor-element-52df7eb sc_fly_static elementor-widget elementor-widget-heading\" data-id=\"52df7eb\" data-element_type=\"widget\" data-widget_type=\"heading.default\">\n\t\t\t\t<div class=\"elementor-widget-container\">\n\t\t\t<h2 class=\"elementor-heading-title elementor-size-default\">Our Customer Satisfaction Policy<\/h2>\t\t<\/div>\n\t\t\t\t<\/div>\n\t\t\t\t<div class=\"elementor-element elementor-element-60d4a17 sc_fly_static elementor-widget elementor-widget-text-editor\" data-id=\"60d4a17\" data-element_type=\"widget\" data-widget_type=\"text-editor.default\">\n\t\t\t\t<div class=\"elementor-widget-container\">\n\t\t\t\t\t\t\t<br>The foundation of Adokap\u0131\u2019s customer satisfaction policy is based on \u201cCustomer Orientation\u201d. We reform our procedures constantly in accordance with the customer\u2019s demands and expectations and target building long-term relationships with our customers\n\nIn order to maintain customer satisfaction, it is evaluated whether the customer\u2019s conditions are met or not, and the changing expectations of the customer are shared with the employees, and product development works are performed. The smallest dissatisfaction about the product is taken into consideration and improvement procedures are carried out.\n\nEvery feedback received from our customers is perceived as a gift. We use all our resources resulting from our experience based on long years and our customer-oriented service, to convert these feedbacks into \u201ccustomer satisfaction\u201c\n\nAdokap\u0131 follows a customer oriented approach where customers can report their demands and dissatisfactions easily, where these are dealt with objectively, fairly, carefully and confidentially, managed in a way that is not against the legal conditions and our company policy, necessary reforms and checks are carried out constantly to avoid the occurrence of the same dissatisfaction, transparency is predicated upon in customer relations and resolving all customer dissatisfactions is perceived as the main principle.\t\t\t\t\t\t<\/div>\n\t\t\t\t<\/div>\n\t\t\t\t<div class=\"elementor-element elementor-element-9872fd1 sc_fly_static elementor-widget elementor-widget-spacer\" data-id=\"9872fd1\" data-element_type=\"widget\" data-widget_type=\"spacer.default\">\n\t\t\t\t<div class=\"elementor-widget-container\">\n\t\t\t\t\t<div class=\"elementor-spacer\">\n\t\t\t<div class=\"elementor-spacer-inner\"><\/div>\n\t\t<\/div>\n\t\t\t\t<\/div>\n\t\t\t\t<\/div>\n\t\t\t\t\t<\/div>\n\t\t<\/div>\n\t\t\t\t\t\t\t<\/div>\n\t\t<\/section>\n\t\t\t\t\t\t\t<\/div>\n\t\t","protected":false},"excerpt":{"rendered":"<p>Our Quality Policy ADOPEN Plastik ve \u0130n\u015faat San. A.\u015e., which produces PVC window and door&hellip;<\/p>\n","protected":false},"author":1,"featured_media":0,"parent":0,"menu_order":0,"comment_status":"closed","ping_status":"closed","template":"","meta":{"_acf_changed":false,"footnotes":""},"acf":[],"_links":{"self":[{"href":"https:\/\/www.adokapi.com.tr\/en\/wp-json\/wp\/v2\/pages\/26868"}],"collection":[{"href":"https:\/\/www.adokapi.com.tr\/en\/wp-json\/wp\/v2\/pages"}],"about":[{"href":"https:\/\/www.adokapi.com.tr\/en\/wp-json\/wp\/v2\/types\/page"}],"author":[{"embeddable":true,"href":"https:\/\/www.adokapi.com.tr\/en\/wp-json\/wp\/v2\/users\/1"}],"replies":[{"embeddable":true,"href":"https:\/\/www.adokapi.com.tr\/en\/wp-json\/wp\/v2\/comments?post=26868"}],"version-history":[{"count":42,"href":"https:\/\/www.adokapi.com.tr\/en\/wp-json\/wp\/v2\/pages\/26868\/revisions"}],"predecessor-version":[{"id":30993,"href":"https:\/\/www.adokapi.com.tr\/en\/wp-json\/wp\/v2\/pages\/26868\/revisions\/30993"}],"wp:attachment":[{"href":"https:\/\/www.adokapi.com.tr\/en\/wp-json\/wp\/v2\/media?parent=26868"}],"curies":[{"name":"wp","href":"https:\/\/api.w.org\/{rel}","templated":true}]}}